{"id":147,"date":"2017-09-20T04:12:40","date_gmt":"2017-09-20T04:12:40","guid":{"rendered":"http:\/\/derschumi.at\/?page_id=147"},"modified":"2024-03-14T08:00:32","modified_gmt":"2024-03-14T08:00:32","slug":"essen-trinken","status":"publish","type":"page","link":"https:\/\/www.derschumi.at\/en\/restaurant\/eat-drink\/","title":{"rendered":"Der Schumi stands for regionality..."},"content":{"rendered":"<p>... and we attach great importance to this. We buy exclusively from local producers and suppliers, guaranteeing you freshness and quality. <\/p>\n<p>Table reservation hotline: +43 4213 2038<br \/>\n<a href=\"https:\/\/www.derschumi.at\/en\/#post-431\">To the menu -&gt;<\/a><\/p>","protected":false},"excerpt":{"rendered":"<p>\u2026 und wir legen gro\u00dfen Wert darauf. Wir kaufen ausschlie\u00dflich bei heimischen Produzenten und Lieferanten ein und so garantieren wir Ihnen Frische und Qualit\u00e4t. Hotline Tischreservierung: +43&hellip; <span class=\"read-more\"><a class=\"more-link\" href=\"https:\/\/www.derschumi.at\/en\/restaurant\/eat-drink\/\" rel=\"bookmark\">Read more <span class=\"screen-reader-text\">&#8222;Der Schumi steht f\u00fcr Regionalit\u00e4t&#8230;&#8220;<\/span><\/a><\/span><\/p>","protected":false},"author":3,"featured_media":169,"parent":631,"menu_order":13,"comment_status":"closed","ping_status":"closed","template":"","meta":[],"_links":{"self":[{"href":"https:\/\/www.derschumi.at\/en\/wp-json\/wp\/v2\/pages\/147"}],"collection":[{"href":"https:\/\/www.derschumi.at\/en\/wp-json\/wp\/v2\/pages"}],"about":[{"href":"https:\/\/www.derschumi.at\/en\/wp-json\/wp\/v2\/types\/page"}],"author":[{"embeddable":true,"href":"https:\/\/www.derschumi.at\/en\/wp-json\/wp\/v2\/users\/3"}],"replies":[{"embeddable":true,"href":"https:\/\/www.derschumi.at\/en\/wp-json\/wp\/v2\/comments?post=147"}],"version-history":[{"count":41,"href":"https:\/\/www.derschumi.at\/en\/wp-json\/wp\/v2\/pages\/147\/revisions"}],"predecessor-version":[{"id":1860,"href":"https:\/\/www.derschumi.at\/en\/wp-json\/wp\/v2\/pages\/147\/revisions\/1860"}],"up":[{"embeddable":true,"href":"https:\/\/www.derschumi.at\/en\/wp-json\/wp\/v2\/pages\/631"}],"wp:featuredmedia":[{"embeddable":true,"href":"https:\/\/www.derschumi.at\/en\/wp-json\/wp\/v2\/media\/169"}],"wp:attachment":[{"href":"https:\/\/www.derschumi.at\/en\/wp-json\/wp\/v2\/media?parent=147"}],"curies":[{"name":"wp","href":"https:\/\/api.w.org\/{rel}","templated":true}]}}